{"id":2499,"date":"2023-11-30T22:08:39","date_gmt":"2023-11-30T22:08:39","guid":{"rendered":"https:\/\/staging.ferruzcainstyc.com\/?post_type=product&#038;p=2499"},"modified":"2024-02-27T19:57:13","modified_gmt":"2024-02-28T01:57:13","slug":"3axd50000034600","status":"publish","type":"product","link":"https:\/\/www.maquinademercadotecnia.com\/dev\/instyc\/producto\/3axd50000034600\/","title":{"rendered":"3AXD50000034600"},"content":{"rendered":"<p>Los variadores ACQ580-01 ofrecen caracter\u00edsticas de bomba innovadoras para la industria del agua y las aguas residuales, asegurando un flujo de agua y aguas residuales energ\u00e9ticamente eficiente en sus soluciones de bombeo. Este variador de pared robusto y compacto tiene funciones de aplicaci\u00f3n de bomba incorporadas, como c\u00e1lculo de flujo sin sensores, control de bombas m\u00faltiples, control de nivel, llenado suave de tuber\u00eda, protecci\u00f3n contra funcionamiento en seco, rampas r\u00e1pidas y una soluci\u00f3n para mantener limpio el impulsor de la bomba.<\/p>\n","protected":false},"excerpt":{"rendered":"<p>Drive ACS580-01-073A-4 variador de AC BT de pared para agua y aguas residuales, IEC: Pn 37 kW, 73 A<\/p>\n","protected":false},"featured_media":3853,"comment_status":"open","ping_status":"closed","template":"","meta":{"_acf_changed":false,"_joinchat":[]},"product_brand":[],"product_cat":[175],"product_tag":[],"class_list":{"0":"post-2499","1":"product","2":"type-product","3":"status-publish","4":"has-post-thumbnail","6":"product_cat-arranque-de-motores","8":"first","9":"instock","10":"shipping-taxable","11":"product-type-simple"},"acf":[],"yoast_head":"<!-- This site is optimized with the Yoast SEO plugin v27.4 - https:\/\/yoast.com\/product\/yoast-seo-wordpress\/ -->\n<title>Productos Instyc ABB &#8212; 3AXD50000034600<\/title>\n<meta name=\"description\" content=\"Drive ACS580-01-073A-4 variador de AC BT de pared para agua y aguas residuales, IEC: Pn 37 kW, 73 A\" \/>\n<meta name=\"robots\" content=\"index, follow, max-snippet:-1, max-image-preview:large, max-video-preview:-1\" \/>\n<link rel=\"canonical\" href=\"https:\/\/www.maquinademercadotecnia.com\/dev\/instyc\/producto\/3axd50000034600\/\" \/>\n<meta property=\"og:locale\" content=\"es_ES\" \/>\n<meta property=\"og:type\" content=\"article\" \/>\n<meta property=\"og:title\" content=\"Productos Instyc ABB &#8212; 3AXD50000034600\" \/>\n<meta property=\"og:description\" content=\"Drive ACS580-01-073A-4 variador de AC BT de pared para agua y aguas residuales, IEC: Pn 37 kW, 73 A\" \/>\n<meta property=\"og:url\" content=\"https:\/\/www.maquinademercadotecnia.com\/dev\/instyc\/producto\/3axd50000034600\/\" \/>\n<meta property=\"og:site_name\" content=\"Ferruzca Instyc\" \/>\n<meta property=\"article:publisher\" content=\"https:\/\/www.facebook.com\/InstycOficial\" \/>\n<meta property=\"article:modified_time\" content=\"2024-02-28T01:57:13+00:00\" \/>\n<meta property=\"og:image\" content=\"https:\/\/www.maquinademercadotecnia.com\/dev\/instyc\/wp-content\/uploads\/2023\/11\/3AXD50000034600-Resized.jpg\" \/>\n\t<meta property=\"og:image:width\" content=\"300\" \/>\n\t<meta property=\"og:image:height\" content=\"300\" \/>\n\t<meta property=\"og:image:type\" content=\"image\/jpeg\" \/>\n<meta name=\"twitter:card\" content=\"summary_large_image\" \/>\n<meta name=\"twitter:label1\" content=\"Tiempo de lectura\" \/>\n\t<meta name=\"twitter:data1\" content=\"1 minuto\" \/>\n<script type=\"application\/ld+json\" class=\"yoast-schema-graph\">{\"@context\":\"https:\\\/\\\/schema.org\",\"@graph\":[{\"@type\":\"WebPage\",\"@id\":\"https:\\\/\\\/www.maquinademercadotecnia.com\\\/dev\\\/instyc\\\/producto\\\/3axd50000034600\\\/\",\"url\":\"https:\\\/\\\/www.maquinademercadotecnia.com\\\/dev\\\/instyc\\\/producto\\\/3axd50000034600\\\/\",\"name\":\"Productos Instyc ABB &#8212; 3AXD50000034600\",\"isPartOf\":{\"@id\":\"https:\\\/\\\/www.maquinademercadotecnia.com\\\/dev\\\/instyc\\\/#website\"},\"primaryImageOfPage\":{\"@id\":\"https:\\\/\\\/www.maquinademercadotecnia.com\\\/dev\\\/instyc\\\/producto\\\/3axd50000034600\\\/#primaryimage\"},\"image\":{\"@id\":\"https:\\\/\\\/www.maquinademercadotecnia.com\\\/dev\\\/instyc\\\/producto\\\/3axd50000034600\\\/#primaryimage\"},\"thumbnailUrl\":\"https:\\\/\\\/www.maquinademercadotecnia.com\\\/dev\\\/instyc\\\/wp-content\\\/uploads\\\/2023\\\/11\\\/3AXD50000034600-Resized.jpg\",\"datePublished\":\"2023-11-30T22:08:39+00:00\",\"dateModified\":\"2024-02-28T01:57:13+00:00\",\"description\":\"Drive ACS580-01-073A-4 variador de AC BT de pared para agua y aguas residuales, IEC: Pn 37 kW, 73 A\",\"breadcrumb\":{\"@id\":\"https:\\\/\\\/www.maquinademercadotecnia.com\\\/dev\\\/instyc\\\/producto\\\/3axd50000034600\\\/#breadcrumb\"},\"inLanguage\":\"es\",\"potentialAction\":[{\"@type\":\"ReadAction\",\"target\":[\"https:\\\/\\\/www.maquinademercadotecnia.com\\\/dev\\\/instyc\\\/producto\\\/3axd50000034600\\\/\"]}]},{\"@type\":\"ImageObject\",\"inLanguage\":\"es\",\"@id\":\"https:\\\/\\\/www.maquinademercadotecnia.com\\\/dev\\\/instyc\\\/producto\\\/3axd50000034600\\\/#primaryimage\",\"url\":\"https:\\\/\\\/www.maquinademercadotecnia.com\\\/dev\\\/instyc\\\/wp-content\\\/uploads\\\/2023\\\/11\\\/3AXD50000034600-Resized.jpg\",\"contentUrl\":\"https:\\\/\\\/www.maquinademercadotecnia.com\\\/dev\\\/instyc\\\/wp-content\\\/uploads\\\/2023\\\/11\\\/3AXD50000034600-Resized.jpg\",\"width\":300,\"height\":300},{\"@type\":\"BreadcrumbList\",\"@id\":\"https:\\\/\\\/www.maquinademercadotecnia.com\\\/dev\\\/instyc\\\/producto\\\/3axd50000034600\\\/#breadcrumb\",\"itemListElement\":[{\"@type\":\"ListItem\",\"position\":1,\"name\":\"Portada\",\"item\":\"https:\\\/\\\/www.maquinademercadotecnia.com\\\/dev\\\/instyc\\\/\"},{\"@type\":\"ListItem\",\"position\":2,\"name\":\"Catalogo\",\"item\":\"https:\\\/\\\/www.maquinademercadotecnia.com\\\/dev\\\/instyc\\\/catalogo\\\/\"},{\"@type\":\"ListItem\",\"position\":3,\"name\":\"3AXD50000034600\"}]},{\"@type\":\"WebSite\",\"@id\":\"https:\\\/\\\/www.maquinademercadotecnia.com\\\/dev\\\/instyc\\\/#website\",\"url\":\"https:\\\/\\\/www.maquinademercadotecnia.com\\\/dev\\\/instyc\\\/\",\"name\":\"ferruzcainstyc.com\",\"description\":\"Instrumentaci&oacute;n y control industrial\",\"publisher\":{\"@id\":\"https:\\\/\\\/www.maquinademercadotecnia.com\\\/dev\\\/instyc\\\/#organization\"},\"alternateName\":\"Ferruzca Instyc\",\"potentialAction\":[{\"@type\":\"SearchAction\",\"target\":{\"@type\":\"EntryPoint\",\"urlTemplate\":\"https:\\\/\\\/www.maquinademercadotecnia.com\\\/dev\\\/instyc\\\/?s={search_term_string}\"},\"query-input\":{\"@type\":\"PropertyValueSpecification\",\"valueRequired\":true,\"valueName\":\"search_term_string\"}}],\"inLanguage\":\"es\"},{\"@type\":\"Organization\",\"@id\":\"https:\\\/\\\/www.maquinademercadotecnia.com\\\/dev\\\/instyc\\\/#organization\",\"name\":\"Ferruzca Instyc\",\"alternateName\":\"Instyc\",\"url\":\"https:\\\/\\\/www.maquinademercadotecnia.com\\\/dev\\\/instyc\\\/\",\"logo\":{\"@type\":\"ImageObject\",\"inLanguage\":\"es\",\"@id\":\"https:\\\/\\\/www.maquinademercadotecnia.com\\\/dev\\\/instyc\\\/#\\\/schema\\\/logo\\\/image\\\/\",\"url\":\"https:\\\/\\\/www.maquinademercadotecnia.com\\\/dev\\\/instyc\\\/wp-content\\\/uploads\\\/2023\\\/11\\\/Logo-color-instyc-.png\",\"contentUrl\":\"https:\\\/\\\/www.maquinademercadotecnia.com\\\/dev\\\/instyc\\\/wp-content\\\/uploads\\\/2023\\\/11\\\/Logo-color-instyc-.png\",\"width\":3574,\"height\":1905,\"caption\":\"Ferruzca Instyc\"},\"image\":{\"@id\":\"https:\\\/\\\/www.maquinademercadotecnia.com\\\/dev\\\/instyc\\\/#\\\/schema\\\/logo\\\/image\\\/\"},\"sameAs\":[\"https:\\\/\\\/www.facebook.com\\\/InstycOficial\",\"https:\\\/\\\/www.instagram.com\\\/ferruzcainstyc\\\/\",\"https:\\\/\\\/www.linkedin.com\\\/company\\\/ferruzcainstyc\\\/\"]}]}<\/script>\n<!-- \/ Yoast SEO plugin. -->","yoast_head_json":{"title":"Productos Instyc ABB &#8212; 3AXD50000034600","description":"Drive ACS580-01-073A-4 variador de AC BT de pared para agua y aguas residuales, IEC: Pn 37 kW, 73 A","robots":{"index":"index","follow":"follow","max-snippet":"max-snippet:-1","max-image-preview":"max-image-preview:large","max-video-preview":"max-video-preview:-1"},"canonical":"https:\/\/www.maquinademercadotecnia.com\/dev\/instyc\/producto\/3axd50000034600\/","og_locale":"es_ES","og_type":"article","og_title":"Productos Instyc ABB &#8212; 3AXD50000034600","og_description":"Drive ACS580-01-073A-4 variador de AC BT de pared para agua y aguas residuales, IEC: Pn 37 kW, 73 A","og_url":"https:\/\/www.maquinademercadotecnia.com\/dev\/instyc\/producto\/3axd50000034600\/","og_site_name":"Ferruzca Instyc","article_publisher":"https:\/\/www.facebook.com\/InstycOficial","article_modified_time":"2024-02-28T01:57:13+00:00","og_image":[{"width":300,"height":300,"url":"https:\/\/www.maquinademercadotecnia.com\/dev\/instyc\/wp-content\/uploads\/2023\/11\/3AXD50000034600-Resized.jpg","type":"image\/jpeg"}],"twitter_card":"summary_large_image","twitter_misc":{"Tiempo de lectura":"1 minuto"},"schema":{"@context":"https:\/\/schema.org","@graph":[{"@type":"WebPage","@id":"https:\/\/www.maquinademercadotecnia.com\/dev\/instyc\/producto\/3axd50000034600\/","url":"https:\/\/www.maquinademercadotecnia.com\/dev\/instyc\/producto\/3axd50000034600\/","name":"Productos Instyc ABB &#8212; 3AXD50000034600","isPartOf":{"@id":"https:\/\/www.maquinademercadotecnia.com\/dev\/instyc\/#website"},"primaryImageOfPage":{"@id":"https:\/\/www.maquinademercadotecnia.com\/dev\/instyc\/producto\/3axd50000034600\/#primaryimage"},"image":{"@id":"https:\/\/www.maquinademercadotecnia.com\/dev\/instyc\/producto\/3axd50000034600\/#primaryimage"},"thumbnailUrl":"https:\/\/www.maquinademercadotecnia.com\/dev\/instyc\/wp-content\/uploads\/2023\/11\/3AXD50000034600-Resized.jpg","datePublished":"2023-11-30T22:08:39+00:00","dateModified":"2024-02-28T01:57:13+00:00","description":"Drive ACS580-01-073A-4 variador de AC BT de pared para agua y aguas residuales, IEC: Pn 37 kW, 73 A","breadcrumb":{"@id":"https:\/\/www.maquinademercadotecnia.com\/dev\/instyc\/producto\/3axd50000034600\/#breadcrumb"},"inLanguage":"es","potentialAction":[{"@type":"ReadAction","target":["https:\/\/www.maquinademercadotecnia.com\/dev\/instyc\/producto\/3axd50000034600\/"]}]},{"@type":"ImageObject","inLanguage":"es","@id":"https:\/\/www.maquinademercadotecnia.com\/dev\/instyc\/producto\/3axd50000034600\/#primaryimage","url":"https:\/\/www.maquinademercadotecnia.com\/dev\/instyc\/wp-content\/uploads\/2023\/11\/3AXD50000034600-Resized.jpg","contentUrl":"https:\/\/www.maquinademercadotecnia.com\/dev\/instyc\/wp-content\/uploads\/2023\/11\/3AXD50000034600-Resized.jpg","width":300,"height":300},{"@type":"BreadcrumbList","@id":"https:\/\/www.maquinademercadotecnia.com\/dev\/instyc\/producto\/3axd50000034600\/#breadcrumb","itemListElement":[{"@type":"ListItem","position":1,"name":"Portada","item":"https:\/\/www.maquinademercadotecnia.com\/dev\/instyc\/"},{"@type":"ListItem","position":2,"name":"Catalogo","item":"https:\/\/www.maquinademercadotecnia.com\/dev\/instyc\/catalogo\/"},{"@type":"ListItem","position":3,"name":"3AXD50000034600"}]},{"@type":"WebSite","@id":"https:\/\/www.maquinademercadotecnia.com\/dev\/instyc\/#website","url":"https:\/\/www.maquinademercadotecnia.com\/dev\/instyc\/","name":"ferruzcainstyc.com","description":"Instrumentaci&oacute;n y control industrial","publisher":{"@id":"https:\/\/www.maquinademercadotecnia.com\/dev\/instyc\/#organization"},"alternateName":"Ferruzca Instyc","potentialAction":[{"@type":"SearchAction","target":{"@type":"EntryPoint","urlTemplate":"https:\/\/www.maquinademercadotecnia.com\/dev\/instyc\/?s={search_term_string}"},"query-input":{"@type":"PropertyValueSpecification","valueRequired":true,"valueName":"search_term_string"}}],"inLanguage":"es"},{"@type":"Organization","@id":"https:\/\/www.maquinademercadotecnia.com\/dev\/instyc\/#organization","name":"Ferruzca Instyc","alternateName":"Instyc","url":"https:\/\/www.maquinademercadotecnia.com\/dev\/instyc\/","logo":{"@type":"ImageObject","inLanguage":"es","@id":"https:\/\/www.maquinademercadotecnia.com\/dev\/instyc\/#\/schema\/logo\/image\/","url":"https:\/\/www.maquinademercadotecnia.com\/dev\/instyc\/wp-content\/uploads\/2023\/11\/Logo-color-instyc-.png","contentUrl":"https:\/\/www.maquinademercadotecnia.com\/dev\/instyc\/wp-content\/uploads\/2023\/11\/Logo-color-instyc-.png","width":3574,"height":1905,"caption":"Ferruzca Instyc"},"image":{"@id":"https:\/\/www.maquinademercadotecnia.com\/dev\/instyc\/#\/schema\/logo\/image\/"},"sameAs":["https:\/\/www.facebook.com\/InstycOficial","https:\/\/www.instagram.com\/ferruzcainstyc\/","https:\/\/www.linkedin.com\/company\/ferruzcainstyc\/"]}]}},"_links":{"self":[{"href":"https:\/\/www.maquinademercadotecnia.com\/dev\/instyc\/wp-json\/wp\/v2\/product\/2499","targetHints":{"allow":["GET"]}}],"collection":[{"href":"https:\/\/www.maquinademercadotecnia.com\/dev\/instyc\/wp-json\/wp\/v2\/product"}],"about":[{"href":"https:\/\/www.maquinademercadotecnia.com\/dev\/instyc\/wp-json\/wp\/v2\/types\/product"}],"replies":[{"embeddable":true,"href":"https:\/\/www.maquinademercadotecnia.com\/dev\/instyc\/wp-json\/wp\/v2\/comments?post=2499"}],"version-history":[{"count":0,"href":"https:\/\/www.maquinademercadotecnia.com\/dev\/instyc\/wp-json\/wp\/v2\/product\/2499\/revisions"}],"wp:featuredmedia":[{"embeddable":true,"href":"https:\/\/www.maquinademercadotecnia.com\/dev\/instyc\/wp-json\/wp\/v2\/media\/3853"}],"wp:attachment":[{"href":"https:\/\/www.maquinademercadotecnia.com\/dev\/instyc\/wp-json\/wp\/v2\/media?parent=2499"}],"wp:term":[{"taxonomy":"product_brand","embeddable":true,"href":"https:\/\/www.maquinademercadotecnia.com\/dev\/instyc\/wp-json\/wp\/v2\/product_brand?post=2499"},{"taxonomy":"product_cat","embeddable":true,"href":"https:\/\/www.maquinademercadotecnia.com\/dev\/instyc\/wp-json\/wp\/v2\/product_cat?post=2499"},{"taxonomy":"product_tag","embeddable":true,"href":"https:\/\/www.maquinademercadotecnia.com\/dev\/instyc\/wp-json\/wp\/v2\/product_tag?post=2499"}],"curies":[{"name":"wp","href":"https:\/\/api.w.org\/{rel}","templated":true}]}}