{"id":2733,"date":"2023-12-05T22:26:54","date_gmt":"2023-12-05T22:26:54","guid":{"rendered":"https:\/\/staging.ferruzcainstyc.com\/?post_type=product&#038;p=2733"},"modified":"2024-01-23T14:38:03","modified_gmt":"2024-01-23T20:38:03","slug":"acs150-01e-02a4-2","status":"publish","type":"product","link":"https:\/\/www.maquinademercadotecnia.com\/dev\/instyc\/producto\/acs150-01e-02a4-2\/","title":{"rendered":"ACS150-01E-02A4-2"},"content":{"rendered":"<p>Los convertidores ACS150 est\u00e1n dise\u00f1ados para incorporarse a una amplia variedad de m\u00e1quinas como mezcladoras, transportadores, ventiladores o bombas. Los convertidores ACS150 tienen un panel de usuario integrado, un potenci\u00f3metro y una variedad de funciones, como macros de conexi\u00f3n predefinidas, que facilitan la selecci\u00f3n y configuraci\u00f3n del convertidor. Con una herramienta FlashDrop opcional, estas unidades se pueden configurar r\u00e1pidamente en volumen.<\/p>\n","protected":false},"excerpt":{"rendered":"<p>ACS150-01E-02A4-2 Pn 0,37kW, I2n 2,4A IP20<\/p>\n","protected":false},"featured_media":3876,"comment_status":"open","ping_status":"closed","template":"","meta":{"_acf_changed":false,"_joinchat":[]},"product_brand":[],"product_cat":[175],"product_tag":[],"class_list":{"0":"post-2733","1":"product","2":"type-product","3":"status-publish","4":"has-post-thumbnail","6":"product_cat-arranque-de-motores","8":"first","9":"instock","10":"shipping-taxable","11":"product-type-simple"},"acf":[],"yoast_head":"<!-- This site is optimized with the Yoast SEO plugin v27.4 - https:\/\/yoast.com\/product\/yoast-seo-wordpress\/ -->\n<title>Productos Instyc ABB &#8212; ACS150-01E-02A4-2<\/title>\n<meta name=\"description\" content=\"ACS150-01E-02A4-2 Pn 0,37kW, I2n 2,4A IP20\" \/>\n<meta name=\"robots\" content=\"index, follow, max-snippet:-1, max-image-preview:large, max-video-preview:-1\" \/>\n<link rel=\"canonical\" href=\"https:\/\/www.maquinademercadotecnia.com\/dev\/instyc\/producto\/acs150-01e-02a4-2\/\" \/>\n<meta property=\"og:locale\" content=\"es_ES\" \/>\n<meta property=\"og:type\" content=\"article\" \/>\n<meta property=\"og:title\" content=\"Productos Instyc ABB &#8212; ACS150-01E-02A4-2\" \/>\n<meta property=\"og:description\" content=\"ACS150-01E-02A4-2 Pn 0,37kW, I2n 2,4A IP20\" \/>\n<meta property=\"og:url\" content=\"https:\/\/www.maquinademercadotecnia.com\/dev\/instyc\/producto\/acs150-01e-02a4-2\/\" \/>\n<meta property=\"og:site_name\" content=\"Ferruzca Instyc\" \/>\n<meta property=\"article:publisher\" content=\"https:\/\/www.facebook.com\/InstycOficial\" \/>\n<meta property=\"article:modified_time\" content=\"2024-01-23T20:38:03+00:00\" \/>\n<meta property=\"og:image\" content=\"https:\/\/www.maquinademercadotecnia.com\/dev\/instyc\/wp-content\/uploads\/2023\/12\/ACS15001E02A42-DRIVE-Resized.jpg\" \/>\n\t<meta property=\"og:image:width\" content=\"300\" \/>\n\t<meta property=\"og:image:height\" content=\"300\" \/>\n\t<meta property=\"og:image:type\" content=\"image\/jpeg\" \/>\n<meta name=\"twitter:card\" content=\"summary_large_image\" \/>\n<meta name=\"twitter:label1\" content=\"Tiempo de lectura\" \/>\n\t<meta name=\"twitter:data1\" content=\"1 minuto\" \/>\n<script type=\"application\/ld+json\" class=\"yoast-schema-graph\">{\"@context\":\"https:\\\/\\\/schema.org\",\"@graph\":[{\"@type\":\"WebPage\",\"@id\":\"https:\\\/\\\/www.maquinademercadotecnia.com\\\/dev\\\/instyc\\\/producto\\\/acs150-01e-02a4-2\\\/\",\"url\":\"https:\\\/\\\/www.maquinademercadotecnia.com\\\/dev\\\/instyc\\\/producto\\\/acs150-01e-02a4-2\\\/\",\"name\":\"Productos Instyc ABB &#8212; ACS150-01E-02A4-2\",\"isPartOf\":{\"@id\":\"https:\\\/\\\/www.maquinademercadotecnia.com\\\/dev\\\/instyc\\\/#website\"},\"primaryImageOfPage\":{\"@id\":\"https:\\\/\\\/www.maquinademercadotecnia.com\\\/dev\\\/instyc\\\/producto\\\/acs150-01e-02a4-2\\\/#primaryimage\"},\"image\":{\"@id\":\"https:\\\/\\\/www.maquinademercadotecnia.com\\\/dev\\\/instyc\\\/producto\\\/acs150-01e-02a4-2\\\/#primaryimage\"},\"thumbnailUrl\":\"https:\\\/\\\/www.maquinademercadotecnia.com\\\/dev\\\/instyc\\\/wp-content\\\/uploads\\\/2023\\\/12\\\/ACS15001E02A42-DRIVE-Resized.jpg\",\"datePublished\":\"2023-12-05T22:26:54+00:00\",\"dateModified\":\"2024-01-23T20:38:03+00:00\",\"description\":\"ACS150-01E-02A4-2 Pn 0,37kW, I2n 2,4A IP20\",\"breadcrumb\":{\"@id\":\"https:\\\/\\\/www.maquinademercadotecnia.com\\\/dev\\\/instyc\\\/producto\\\/acs150-01e-02a4-2\\\/#breadcrumb\"},\"inLanguage\":\"es\",\"potentialAction\":[{\"@type\":\"ReadAction\",\"target\":[\"https:\\\/\\\/www.maquinademercadotecnia.com\\\/dev\\\/instyc\\\/producto\\\/acs150-01e-02a4-2\\\/\"]}]},{\"@type\":\"ImageObject\",\"inLanguage\":\"es\",\"@id\":\"https:\\\/\\\/www.maquinademercadotecnia.com\\\/dev\\\/instyc\\\/producto\\\/acs150-01e-02a4-2\\\/#primaryimage\",\"url\":\"https:\\\/\\\/www.maquinademercadotecnia.com\\\/dev\\\/instyc\\\/wp-content\\\/uploads\\\/2023\\\/12\\\/ACS15001E02A42-DRIVE-Resized.jpg\",\"contentUrl\":\"https:\\\/\\\/www.maquinademercadotecnia.com\\\/dev\\\/instyc\\\/wp-content\\\/uploads\\\/2023\\\/12\\\/ACS15001E02A42-DRIVE-Resized.jpg\",\"width\":300,\"height\":300},{\"@type\":\"BreadcrumbList\",\"@id\":\"https:\\\/\\\/www.maquinademercadotecnia.com\\\/dev\\\/instyc\\\/producto\\\/acs150-01e-02a4-2\\\/#breadcrumb\",\"itemListElement\":[{\"@type\":\"ListItem\",\"position\":1,\"name\":\"Portada\",\"item\":\"https:\\\/\\\/www.maquinademercadotecnia.com\\\/dev\\\/instyc\\\/\"},{\"@type\":\"ListItem\",\"position\":2,\"name\":\"Catalogo\",\"item\":\"https:\\\/\\\/www.maquinademercadotecnia.com\\\/dev\\\/instyc\\\/catalogo\\\/\"},{\"@type\":\"ListItem\",\"position\":3,\"name\":\"ACS150-01E-02A4-2\"}]},{\"@type\":\"WebSite\",\"@id\":\"https:\\\/\\\/www.maquinademercadotecnia.com\\\/dev\\\/instyc\\\/#website\",\"url\":\"https:\\\/\\\/www.maquinademercadotecnia.com\\\/dev\\\/instyc\\\/\",\"name\":\"ferruzcainstyc.com\",\"description\":\"Instrumentaci&oacute;n y control industrial\",\"publisher\":{\"@id\":\"https:\\\/\\\/www.maquinademercadotecnia.com\\\/dev\\\/instyc\\\/#organization\"},\"alternateName\":\"Ferruzca Instyc\",\"potentialAction\":[{\"@type\":\"SearchAction\",\"target\":{\"@type\":\"EntryPoint\",\"urlTemplate\":\"https:\\\/\\\/www.maquinademercadotecnia.com\\\/dev\\\/instyc\\\/?s={search_term_string}\"},\"query-input\":{\"@type\":\"PropertyValueSpecification\",\"valueRequired\":true,\"valueName\":\"search_term_string\"}}],\"inLanguage\":\"es\"},{\"@type\":\"Organization\",\"@id\":\"https:\\\/\\\/www.maquinademercadotecnia.com\\\/dev\\\/instyc\\\/#organization\",\"name\":\"Ferruzca Instyc\",\"alternateName\":\"Instyc\",\"url\":\"https:\\\/\\\/www.maquinademercadotecnia.com\\\/dev\\\/instyc\\\/\",\"logo\":{\"@type\":\"ImageObject\",\"inLanguage\":\"es\",\"@id\":\"https:\\\/\\\/www.maquinademercadotecnia.com\\\/dev\\\/instyc\\\/#\\\/schema\\\/logo\\\/image\\\/\",\"url\":\"https:\\\/\\\/www.maquinademercadotecnia.com\\\/dev\\\/instyc\\\/wp-content\\\/uploads\\\/2023\\\/11\\\/Logo-color-instyc-.png\",\"contentUrl\":\"https:\\\/\\\/www.maquinademercadotecnia.com\\\/dev\\\/instyc\\\/wp-content\\\/uploads\\\/2023\\\/11\\\/Logo-color-instyc-.png\",\"width\":3574,\"height\":1905,\"caption\":\"Ferruzca Instyc\"},\"image\":{\"@id\":\"https:\\\/\\\/www.maquinademercadotecnia.com\\\/dev\\\/instyc\\\/#\\\/schema\\\/logo\\\/image\\\/\"},\"sameAs\":[\"https:\\\/\\\/www.facebook.com\\\/InstycOficial\",\"https:\\\/\\\/www.instagram.com\\\/ferruzcainstyc\\\/\",\"https:\\\/\\\/www.linkedin.com\\\/company\\\/ferruzcainstyc\\\/\"]}]}<\/script>\n<!-- \/ Yoast SEO plugin. -->","yoast_head_json":{"title":"Productos Instyc ABB &#8212; ACS150-01E-02A4-2","description":"ACS150-01E-02A4-2 Pn 0,37kW, I2n 2,4A IP20","robots":{"index":"index","follow":"follow","max-snippet":"max-snippet:-1","max-image-preview":"max-image-preview:large","max-video-preview":"max-video-preview:-1"},"canonical":"https:\/\/www.maquinademercadotecnia.com\/dev\/instyc\/producto\/acs150-01e-02a4-2\/","og_locale":"es_ES","og_type":"article","og_title":"Productos Instyc ABB &#8212; ACS150-01E-02A4-2","og_description":"ACS150-01E-02A4-2 Pn 0,37kW, I2n 2,4A IP20","og_url":"https:\/\/www.maquinademercadotecnia.com\/dev\/instyc\/producto\/acs150-01e-02a4-2\/","og_site_name":"Ferruzca Instyc","article_publisher":"https:\/\/www.facebook.com\/InstycOficial","article_modified_time":"2024-01-23T20:38:03+00:00","og_image":[{"width":300,"height":300,"url":"https:\/\/www.maquinademercadotecnia.com\/dev\/instyc\/wp-content\/uploads\/2023\/12\/ACS15001E02A42-DRIVE-Resized.jpg","type":"image\/jpeg"}],"twitter_card":"summary_large_image","twitter_misc":{"Tiempo de lectura":"1 minuto"},"schema":{"@context":"https:\/\/schema.org","@graph":[{"@type":"WebPage","@id":"https:\/\/www.maquinademercadotecnia.com\/dev\/instyc\/producto\/acs150-01e-02a4-2\/","url":"https:\/\/www.maquinademercadotecnia.com\/dev\/instyc\/producto\/acs150-01e-02a4-2\/","name":"Productos Instyc ABB &#8212; ACS150-01E-02A4-2","isPartOf":{"@id":"https:\/\/www.maquinademercadotecnia.com\/dev\/instyc\/#website"},"primaryImageOfPage":{"@id":"https:\/\/www.maquinademercadotecnia.com\/dev\/instyc\/producto\/acs150-01e-02a4-2\/#primaryimage"},"image":{"@id":"https:\/\/www.maquinademercadotecnia.com\/dev\/instyc\/producto\/acs150-01e-02a4-2\/#primaryimage"},"thumbnailUrl":"https:\/\/www.maquinademercadotecnia.com\/dev\/instyc\/wp-content\/uploads\/2023\/12\/ACS15001E02A42-DRIVE-Resized.jpg","datePublished":"2023-12-05T22:26:54+00:00","dateModified":"2024-01-23T20:38:03+00:00","description":"ACS150-01E-02A4-2 Pn 0,37kW, I2n 2,4A IP20","breadcrumb":{"@id":"https:\/\/www.maquinademercadotecnia.com\/dev\/instyc\/producto\/acs150-01e-02a4-2\/#breadcrumb"},"inLanguage":"es","potentialAction":[{"@type":"ReadAction","target":["https:\/\/www.maquinademercadotecnia.com\/dev\/instyc\/producto\/acs150-01e-02a4-2\/"]}]},{"@type":"ImageObject","inLanguage":"es","@id":"https:\/\/www.maquinademercadotecnia.com\/dev\/instyc\/producto\/acs150-01e-02a4-2\/#primaryimage","url":"https:\/\/www.maquinademercadotecnia.com\/dev\/instyc\/wp-content\/uploads\/2023\/12\/ACS15001E02A42-DRIVE-Resized.jpg","contentUrl":"https:\/\/www.maquinademercadotecnia.com\/dev\/instyc\/wp-content\/uploads\/2023\/12\/ACS15001E02A42-DRIVE-Resized.jpg","width":300,"height":300},{"@type":"BreadcrumbList","@id":"https:\/\/www.maquinademercadotecnia.com\/dev\/instyc\/producto\/acs150-01e-02a4-2\/#breadcrumb","itemListElement":[{"@type":"ListItem","position":1,"name":"Portada","item":"https:\/\/www.maquinademercadotecnia.com\/dev\/instyc\/"},{"@type":"ListItem","position":2,"name":"Catalogo","item":"https:\/\/www.maquinademercadotecnia.com\/dev\/instyc\/catalogo\/"},{"@type":"ListItem","position":3,"name":"ACS150-01E-02A4-2"}]},{"@type":"WebSite","@id":"https:\/\/www.maquinademercadotecnia.com\/dev\/instyc\/#website","url":"https:\/\/www.maquinademercadotecnia.com\/dev\/instyc\/","name":"ferruzcainstyc.com","description":"Instrumentaci&oacute;n y control industrial","publisher":{"@id":"https:\/\/www.maquinademercadotecnia.com\/dev\/instyc\/#organization"},"alternateName":"Ferruzca Instyc","potentialAction":[{"@type":"SearchAction","target":{"@type":"EntryPoint","urlTemplate":"https:\/\/www.maquinademercadotecnia.com\/dev\/instyc\/?s={search_term_string}"},"query-input":{"@type":"PropertyValueSpecification","valueRequired":true,"valueName":"search_term_string"}}],"inLanguage":"es"},{"@type":"Organization","@id":"https:\/\/www.maquinademercadotecnia.com\/dev\/instyc\/#organization","name":"Ferruzca Instyc","alternateName":"Instyc","url":"https:\/\/www.maquinademercadotecnia.com\/dev\/instyc\/","logo":{"@type":"ImageObject","inLanguage":"es","@id":"https:\/\/www.maquinademercadotecnia.com\/dev\/instyc\/#\/schema\/logo\/image\/","url":"https:\/\/www.maquinademercadotecnia.com\/dev\/instyc\/wp-content\/uploads\/2023\/11\/Logo-color-instyc-.png","contentUrl":"https:\/\/www.maquinademercadotecnia.com\/dev\/instyc\/wp-content\/uploads\/2023\/11\/Logo-color-instyc-.png","width":3574,"height":1905,"caption":"Ferruzca Instyc"},"image":{"@id":"https:\/\/www.maquinademercadotecnia.com\/dev\/instyc\/#\/schema\/logo\/image\/"},"sameAs":["https:\/\/www.facebook.com\/InstycOficial","https:\/\/www.instagram.com\/ferruzcainstyc\/","https:\/\/www.linkedin.com\/company\/ferruzcainstyc\/"]}]}},"_links":{"self":[{"href":"https:\/\/www.maquinademercadotecnia.com\/dev\/instyc\/wp-json\/wp\/v2\/product\/2733","targetHints":{"allow":["GET"]}}],"collection":[{"href":"https:\/\/www.maquinademercadotecnia.com\/dev\/instyc\/wp-json\/wp\/v2\/product"}],"about":[{"href":"https:\/\/www.maquinademercadotecnia.com\/dev\/instyc\/wp-json\/wp\/v2\/types\/product"}],"replies":[{"embeddable":true,"href":"https:\/\/www.maquinademercadotecnia.com\/dev\/instyc\/wp-json\/wp\/v2\/comments?post=2733"}],"version-history":[{"count":0,"href":"https:\/\/www.maquinademercadotecnia.com\/dev\/instyc\/wp-json\/wp\/v2\/product\/2733\/revisions"}],"wp:featuredmedia":[{"embeddable":true,"href":"https:\/\/www.maquinademercadotecnia.com\/dev\/instyc\/wp-json\/wp\/v2\/media\/3876"}],"wp:attachment":[{"href":"https:\/\/www.maquinademercadotecnia.com\/dev\/instyc\/wp-json\/wp\/v2\/media?parent=2733"}],"wp:term":[{"taxonomy":"product_brand","embeddable":true,"href":"https:\/\/www.maquinademercadotecnia.com\/dev\/instyc\/wp-json\/wp\/v2\/product_brand?post=2733"},{"taxonomy":"product_cat","embeddable":true,"href":"https:\/\/www.maquinademercadotecnia.com\/dev\/instyc\/wp-json\/wp\/v2\/product_cat?post=2733"},{"taxonomy":"product_tag","embeddable":true,"href":"https:\/\/www.maquinademercadotecnia.com\/dev\/instyc\/wp-json\/wp\/v2\/product_tag?post=2733"}],"curies":[{"name":"wp","href":"https:\/\/api.w.org\/{rel}","templated":true}]}}