{"id":4172,"date":"2024-03-15T17:02:25","date_gmt":"2024-03-15T23:02:25","guid":{"rendered":"https:\/\/www.maquinademercadotecnia.com\/dev\/instyc\/?post_type=product&#038;p=4172"},"modified":"2024-03-15T17:02:25","modified_gmt":"2024-03-15T23:02:25","slug":"1sfa611124r1002","status":"publish","type":"product","link":"https:\/\/www.maquinademercadotecnia.com\/dev\/instyc\/producto\/1sfa611124r1002\/","title":{"rendered":"1SFA611124R1002"},"content":{"rendered":"<p>El Pulsador Seta MPM1-10G es: Moment\u00e1neo &#8211; Seta 40 mm &#8211; Verde &#8211; No iluminado &#8211; Pl\u00e1stico Negro &#8211; Sin bloque de contactos Este pulsador tipo seta forma parte de la gama modular de pl\u00e1stico de ABB, la gama m\u00e1s vers\u00e1til con un alto nivel de flexibilidad y clasificaciones el\u00e9ctricas l\u00edderes en el mercado. Dise\u00f1ado para una confiabilidad total, una vida \u00fatil m\u00e1s larga y la mayor durabilidad mec\u00e1nica. Los contactos autolimpiantes garantizan un funcionamiento confiable sin necesidad de mantenimiento, lo que aumenta el tiempo de actividad. Un alto grado de protecci\u00f3n garantiza la fiabilidad en entornos extremos. El dise\u00f1o innovador simplifica todo el proceso, desde la selecci\u00f3n hasta la instalaci\u00f3n f\u00e1cil, r\u00e1pida y sin herramientas. La soluci\u00f3n perfecta para cada aplicaci\u00f3n<\/p>\n","protected":false},"excerpt":{"rendered":"<p>MPM1-10G Pulsador hongo moment\u00e1neo verde<\/p>\n","protected":false},"featured_media":4173,"comment_status":"open","ping_status":"closed","template":"","meta":{"_acf_changed":false,"_joinchat":[]},"product_brand":[],"product_cat":[307],"product_tag":[],"class_list":{"0":"post-4172","1":"product","2":"type-product","3":"status-publish","4":"has-post-thumbnail","6":"product_cat-botoneria-y-senalizacion","8":"first","9":"instock","10":"shipping-taxable","11":"product-type-simple"},"acf":[],"yoast_head":"<!-- This site is optimized with the Yoast SEO plugin v27.4 - https:\/\/yoast.com\/product\/yoast-seo-wordpress\/ -->\n<title>Productos Instyc ABB &#8212; 1SFA611124R1002<\/title>\n<meta name=\"description\" content=\"MPM1-10G Pulsador hongo moment\u00e1neo verde\" \/>\n<meta name=\"robots\" content=\"index, follow, max-snippet:-1, max-image-preview:large, max-video-preview:-1\" \/>\n<link rel=\"canonical\" href=\"https:\/\/www.maquinademercadotecnia.com\/dev\/instyc\/producto\/1sfa611124r1002\/\" \/>\n<meta property=\"og:locale\" content=\"es_ES\" \/>\n<meta property=\"og:type\" content=\"article\" \/>\n<meta property=\"og:title\" content=\"Productos Instyc ABB &#8212; 1SFA611124R1002\" \/>\n<meta property=\"og:description\" content=\"MPM1-10G Pulsador hongo moment\u00e1neo verde\" \/>\n<meta property=\"og:url\" content=\"https:\/\/www.maquinademercadotecnia.com\/dev\/instyc\/producto\/1sfa611124r1002\/\" \/>\n<meta property=\"og:site_name\" content=\"Ferruzca Instyc\" \/>\n<meta property=\"article:publisher\" content=\"https:\/\/www.facebook.com\/InstycOficial\" \/>\n<meta property=\"og:image\" content=\"https:\/\/www.maquinademercadotecnia.com\/dev\/instyc\/wp-content\/uploads\/2024\/03\/1SFA611124R1002-Resized@3x.jpg\" \/>\n\t<meta property=\"og:image:width\" content=\"900\" \/>\n\t<meta property=\"og:image:height\" content=\"900\" \/>\n\t<meta property=\"og:image:type\" content=\"image\/jpeg\" \/>\n<meta name=\"twitter:card\" content=\"summary_large_image\" \/>\n<meta name=\"twitter:label1\" content=\"Tiempo de lectura\" \/>\n\t<meta name=\"twitter:data1\" content=\"1 minuto\" \/>\n<script type=\"application\/ld+json\" class=\"yoast-schema-graph\">{\"@context\":\"https:\\\/\\\/schema.org\",\"@graph\":[{\"@type\":\"WebPage\",\"@id\":\"https:\\\/\\\/www.maquinademercadotecnia.com\\\/dev\\\/instyc\\\/producto\\\/1sfa611124r1002\\\/\",\"url\":\"https:\\\/\\\/www.maquinademercadotecnia.com\\\/dev\\\/instyc\\\/producto\\\/1sfa611124r1002\\\/\",\"name\":\"Productos Instyc ABB &#8212; 1SFA611124R1002\",\"isPartOf\":{\"@id\":\"https:\\\/\\\/www.maquinademercadotecnia.com\\\/dev\\\/instyc\\\/#website\"},\"primaryImageOfPage\":{\"@id\":\"https:\\\/\\\/www.maquinademercadotecnia.com\\\/dev\\\/instyc\\\/producto\\\/1sfa611124r1002\\\/#primaryimage\"},\"image\":{\"@id\":\"https:\\\/\\\/www.maquinademercadotecnia.com\\\/dev\\\/instyc\\\/producto\\\/1sfa611124r1002\\\/#primaryimage\"},\"thumbnailUrl\":\"https:\\\/\\\/www.maquinademercadotecnia.com\\\/dev\\\/instyc\\\/wp-content\\\/uploads\\\/2024\\\/03\\\/1SFA611124R1002-Resized@3x.jpg\",\"datePublished\":\"2024-03-15T23:02:25+00:00\",\"description\":\"MPM1-10G Pulsador hongo moment\u00e1neo verde\",\"breadcrumb\":{\"@id\":\"https:\\\/\\\/www.maquinademercadotecnia.com\\\/dev\\\/instyc\\\/producto\\\/1sfa611124r1002\\\/#breadcrumb\"},\"inLanguage\":\"es\",\"potentialAction\":[{\"@type\":\"ReadAction\",\"target\":[\"https:\\\/\\\/www.maquinademercadotecnia.com\\\/dev\\\/instyc\\\/producto\\\/1sfa611124r1002\\\/\"]}]},{\"@type\":\"ImageObject\",\"inLanguage\":\"es\",\"@id\":\"https:\\\/\\\/www.maquinademercadotecnia.com\\\/dev\\\/instyc\\\/producto\\\/1sfa611124r1002\\\/#primaryimage\",\"url\":\"https:\\\/\\\/www.maquinademercadotecnia.com\\\/dev\\\/instyc\\\/wp-content\\\/uploads\\\/2024\\\/03\\\/1SFA611124R1002-Resized@3x.jpg\",\"contentUrl\":\"https:\\\/\\\/www.maquinademercadotecnia.com\\\/dev\\\/instyc\\\/wp-content\\\/uploads\\\/2024\\\/03\\\/1SFA611124R1002-Resized@3x.jpg\",\"width\":900,\"height\":900},{\"@type\":\"BreadcrumbList\",\"@id\":\"https:\\\/\\\/www.maquinademercadotecnia.com\\\/dev\\\/instyc\\\/producto\\\/1sfa611124r1002\\\/#breadcrumb\",\"itemListElement\":[{\"@type\":\"ListItem\",\"position\":1,\"name\":\"Portada\",\"item\":\"https:\\\/\\\/www.maquinademercadotecnia.com\\\/dev\\\/instyc\\\/\"},{\"@type\":\"ListItem\",\"position\":2,\"name\":\"Catalogo\",\"item\":\"https:\\\/\\\/www.maquinademercadotecnia.com\\\/dev\\\/instyc\\\/catalogo\\\/\"},{\"@type\":\"ListItem\",\"position\":3,\"name\":\"1SFA611124R1002\"}]},{\"@type\":\"WebSite\",\"@id\":\"https:\\\/\\\/www.maquinademercadotecnia.com\\\/dev\\\/instyc\\\/#website\",\"url\":\"https:\\\/\\\/www.maquinademercadotecnia.com\\\/dev\\\/instyc\\\/\",\"name\":\"ferruzcainstyc.com\",\"description\":\"Instrumentaci&oacute;n y control industrial\",\"publisher\":{\"@id\":\"https:\\\/\\\/www.maquinademercadotecnia.com\\\/dev\\\/instyc\\\/#organization\"},\"alternateName\":\"Ferruzca Instyc\",\"potentialAction\":[{\"@type\":\"SearchAction\",\"target\":{\"@type\":\"EntryPoint\",\"urlTemplate\":\"https:\\\/\\\/www.maquinademercadotecnia.com\\\/dev\\\/instyc\\\/?s={search_term_string}\"},\"query-input\":{\"@type\":\"PropertyValueSpecification\",\"valueRequired\":true,\"valueName\":\"search_term_string\"}}],\"inLanguage\":\"es\"},{\"@type\":\"Organization\",\"@id\":\"https:\\\/\\\/www.maquinademercadotecnia.com\\\/dev\\\/instyc\\\/#organization\",\"name\":\"Ferruzca Instyc\",\"alternateName\":\"Instyc\",\"url\":\"https:\\\/\\\/www.maquinademercadotecnia.com\\\/dev\\\/instyc\\\/\",\"logo\":{\"@type\":\"ImageObject\",\"inLanguage\":\"es\",\"@id\":\"https:\\\/\\\/www.maquinademercadotecnia.com\\\/dev\\\/instyc\\\/#\\\/schema\\\/logo\\\/image\\\/\",\"url\":\"https:\\\/\\\/www.maquinademercadotecnia.com\\\/dev\\\/instyc\\\/wp-content\\\/uploads\\\/2023\\\/11\\\/Logo-color-instyc-.png\",\"contentUrl\":\"https:\\\/\\\/www.maquinademercadotecnia.com\\\/dev\\\/instyc\\\/wp-content\\\/uploads\\\/2023\\\/11\\\/Logo-color-instyc-.png\",\"width\":3574,\"height\":1905,\"caption\":\"Ferruzca Instyc\"},\"image\":{\"@id\":\"https:\\\/\\\/www.maquinademercadotecnia.com\\\/dev\\\/instyc\\\/#\\\/schema\\\/logo\\\/image\\\/\"},\"sameAs\":[\"https:\\\/\\\/www.facebook.com\\\/InstycOficial\",\"https:\\\/\\\/www.instagram.com\\\/ferruzcainstyc\\\/\",\"https:\\\/\\\/www.linkedin.com\\\/company\\\/ferruzcainstyc\\\/\"]}]}<\/script>\n<!-- \/ Yoast SEO plugin. -->","yoast_head_json":{"title":"Productos Instyc ABB &#8212; 1SFA611124R1002","description":"MPM1-10G Pulsador hongo moment\u00e1neo verde","robots":{"index":"index","follow":"follow","max-snippet":"max-snippet:-1","max-image-preview":"max-image-preview:large","max-video-preview":"max-video-preview:-1"},"canonical":"https:\/\/www.maquinademercadotecnia.com\/dev\/instyc\/producto\/1sfa611124r1002\/","og_locale":"es_ES","og_type":"article","og_title":"Productos Instyc ABB &#8212; 1SFA611124R1002","og_description":"MPM1-10G Pulsador hongo moment\u00e1neo verde","og_url":"https:\/\/www.maquinademercadotecnia.com\/dev\/instyc\/producto\/1sfa611124r1002\/","og_site_name":"Ferruzca Instyc","article_publisher":"https:\/\/www.facebook.com\/InstycOficial","og_image":[{"width":900,"height":900,"url":"https:\/\/www.maquinademercadotecnia.com\/dev\/instyc\/wp-content\/uploads\/2024\/03\/1SFA611124R1002-Resized@3x.jpg","type":"image\/jpeg"}],"twitter_card":"summary_large_image","twitter_misc":{"Tiempo de lectura":"1 minuto"},"schema":{"@context":"https:\/\/schema.org","@graph":[{"@type":"WebPage","@id":"https:\/\/www.maquinademercadotecnia.com\/dev\/instyc\/producto\/1sfa611124r1002\/","url":"https:\/\/www.maquinademercadotecnia.com\/dev\/instyc\/producto\/1sfa611124r1002\/","name":"Productos Instyc ABB &#8212; 1SFA611124R1002","isPartOf":{"@id":"https:\/\/www.maquinademercadotecnia.com\/dev\/instyc\/#website"},"primaryImageOfPage":{"@id":"https:\/\/www.maquinademercadotecnia.com\/dev\/instyc\/producto\/1sfa611124r1002\/#primaryimage"},"image":{"@id":"https:\/\/www.maquinademercadotecnia.com\/dev\/instyc\/producto\/1sfa611124r1002\/#primaryimage"},"thumbnailUrl":"https:\/\/www.maquinademercadotecnia.com\/dev\/instyc\/wp-content\/uploads\/2024\/03\/1SFA611124R1002-Resized@3x.jpg","datePublished":"2024-03-15T23:02:25+00:00","description":"MPM1-10G Pulsador hongo moment\u00e1neo verde","breadcrumb":{"@id":"https:\/\/www.maquinademercadotecnia.com\/dev\/instyc\/producto\/1sfa611124r1002\/#breadcrumb"},"inLanguage":"es","potentialAction":[{"@type":"ReadAction","target":["https:\/\/www.maquinademercadotecnia.com\/dev\/instyc\/producto\/1sfa611124r1002\/"]}]},{"@type":"ImageObject","inLanguage":"es","@id":"https:\/\/www.maquinademercadotecnia.com\/dev\/instyc\/producto\/1sfa611124r1002\/#primaryimage","url":"https:\/\/www.maquinademercadotecnia.com\/dev\/instyc\/wp-content\/uploads\/2024\/03\/1SFA611124R1002-Resized@3x.jpg","contentUrl":"https:\/\/www.maquinademercadotecnia.com\/dev\/instyc\/wp-content\/uploads\/2024\/03\/1SFA611124R1002-Resized@3x.jpg","width":900,"height":900},{"@type":"BreadcrumbList","@id":"https:\/\/www.maquinademercadotecnia.com\/dev\/instyc\/producto\/1sfa611124r1002\/#breadcrumb","itemListElement":[{"@type":"ListItem","position":1,"name":"Portada","item":"https:\/\/www.maquinademercadotecnia.com\/dev\/instyc\/"},{"@type":"ListItem","position":2,"name":"Catalogo","item":"https:\/\/www.maquinademercadotecnia.com\/dev\/instyc\/catalogo\/"},{"@type":"ListItem","position":3,"name":"1SFA611124R1002"}]},{"@type":"WebSite","@id":"https:\/\/www.maquinademercadotecnia.com\/dev\/instyc\/#website","url":"https:\/\/www.maquinademercadotecnia.com\/dev\/instyc\/","name":"ferruzcainstyc.com","description":"Instrumentaci&oacute;n y control industrial","publisher":{"@id":"https:\/\/www.maquinademercadotecnia.com\/dev\/instyc\/#organization"},"alternateName":"Ferruzca Instyc","potentialAction":[{"@type":"SearchAction","target":{"@type":"EntryPoint","urlTemplate":"https:\/\/www.maquinademercadotecnia.com\/dev\/instyc\/?s={search_term_string}"},"query-input":{"@type":"PropertyValueSpecification","valueRequired":true,"valueName":"search_term_string"}}],"inLanguage":"es"},{"@type":"Organization","@id":"https:\/\/www.maquinademercadotecnia.com\/dev\/instyc\/#organization","name":"Ferruzca Instyc","alternateName":"Instyc","url":"https:\/\/www.maquinademercadotecnia.com\/dev\/instyc\/","logo":{"@type":"ImageObject","inLanguage":"es","@id":"https:\/\/www.maquinademercadotecnia.com\/dev\/instyc\/#\/schema\/logo\/image\/","url":"https:\/\/www.maquinademercadotecnia.com\/dev\/instyc\/wp-content\/uploads\/2023\/11\/Logo-color-instyc-.png","contentUrl":"https:\/\/www.maquinademercadotecnia.com\/dev\/instyc\/wp-content\/uploads\/2023\/11\/Logo-color-instyc-.png","width":3574,"height":1905,"caption":"Ferruzca Instyc"},"image":{"@id":"https:\/\/www.maquinademercadotecnia.com\/dev\/instyc\/#\/schema\/logo\/image\/"},"sameAs":["https:\/\/www.facebook.com\/InstycOficial","https:\/\/www.instagram.com\/ferruzcainstyc\/","https:\/\/www.linkedin.com\/company\/ferruzcainstyc\/"]}]}},"_links":{"self":[{"href":"https:\/\/www.maquinademercadotecnia.com\/dev\/instyc\/wp-json\/wp\/v2\/product\/4172","targetHints":{"allow":["GET"]}}],"collection":[{"href":"https:\/\/www.maquinademercadotecnia.com\/dev\/instyc\/wp-json\/wp\/v2\/product"}],"about":[{"href":"https:\/\/www.maquinademercadotecnia.com\/dev\/instyc\/wp-json\/wp\/v2\/types\/product"}],"replies":[{"embeddable":true,"href":"https:\/\/www.maquinademercadotecnia.com\/dev\/instyc\/wp-json\/wp\/v2\/comments?post=4172"}],"version-history":[{"count":0,"href":"https:\/\/www.maquinademercadotecnia.com\/dev\/instyc\/wp-json\/wp\/v2\/product\/4172\/revisions"}],"wp:featuredmedia":[{"embeddable":true,"href":"https:\/\/www.maquinademercadotecnia.com\/dev\/instyc\/wp-json\/wp\/v2\/media\/4173"}],"wp:attachment":[{"href":"https:\/\/www.maquinademercadotecnia.com\/dev\/instyc\/wp-json\/wp\/v2\/media?parent=4172"}],"wp:term":[{"taxonomy":"product_brand","embeddable":true,"href":"https:\/\/www.maquinademercadotecnia.com\/dev\/instyc\/wp-json\/wp\/v2\/product_brand?post=4172"},{"taxonomy":"product_cat","embeddable":true,"href":"https:\/\/www.maquinademercadotecnia.com\/dev\/instyc\/wp-json\/wp\/v2\/product_cat?post=4172"},{"taxonomy":"product_tag","embeddable":true,"href":"https:\/\/www.maquinademercadotecnia.com\/dev\/instyc\/wp-json\/wp\/v2\/product_tag?post=4172"}],"curies":[{"name":"wp","href":"https:\/\/api.w.org\/{rel}","templated":true}]}}