{"id":4184,"date":"2024-03-15T17:20:35","date_gmt":"2024-03-15T23:20:35","guid":{"rendered":"https:\/\/www.maquinademercadotecnia.com\/dev\/instyc\/?post_type=product&#038;p=4184"},"modified":"2024-03-15T17:20:35","modified_gmt":"2024-03-15T23:20:35","slug":"1sfa611130r1106","status":"publish","type":"product","link":"https:\/\/www.maquinademercadotecnia.com\/dev\/instyc\/producto\/1sfa611130r1106\/","title":{"rendered":"1SFA611130R1106"},"content":{"rendered":"<p>El pulsador doble MPD1-11B es: Moment\u00e1neo &#8211; Enrasado\/Enrasado &#8211; Actuador verde\/rojo &#8211; No iluminado &#8211; Pl\u00e1stico negro &#8211; Sin bloque de contactos &#8211; Rojo &#8211; Rojo &#8211; Sin texto &#8211; Sin texto Este Pulsador Doble forma parte de la gama modular de pl\u00e1stico de ABB, la gama m\u00e1s vers\u00e1til con un alto nivel de flexibilidad y clasificaciones el\u00e9ctricas l\u00edderes en el mercado. Dise\u00f1ado para una confiabilidad total, una vida \u00fatil m\u00e1s larga y la mayor durabilidad mec\u00e1nica. Los contactos autolimpiantes garantizan un funcionamiento confiable sin necesidad de mantenimiento, lo que aumenta el tiempo de actividad. Un alto grado de protecci\u00f3n garantiza la fiabilidad en entornos extremos. El dise\u00f1o innovador simplifica todo el proceso, desde la selecci\u00f3n hasta la instalaci\u00f3n f\u00e1cil, r\u00e1pida y sin herramientas. La soluci\u00f3n perfecta para cada aplicaci\u00f3n.<\/p>\n","protected":false},"excerpt":{"rendered":"<p>MPD1-11B Doble bot\u00f3n pulsador no iluminado<\/p>\n","protected":false},"featured_media":4185,"comment_status":"open","ping_status":"closed","template":"","meta":{"_acf_changed":false,"_joinchat":[]},"product_brand":[],"product_cat":[307],"product_tag":[],"class_list":{"0":"post-4184","1":"product","2":"type-product","3":"status-publish","4":"has-post-thumbnail","6":"product_cat-botoneria-y-senalizacion","8":"first","9":"instock","10":"shipping-taxable","11":"product-type-simple"},"acf":[],"yoast_head":"<!-- This site is optimized with the Yoast SEO plugin v27.4 - https:\/\/yoast.com\/product\/yoast-seo-wordpress\/ -->\n<title>Productos Instyc ABB &#8212; 1SFA611130R1106<\/title>\n<meta name=\"description\" content=\"MPD1-11B Doble bot\u00f3n pulsador no iluminado\" \/>\n<meta name=\"robots\" content=\"index, follow, max-snippet:-1, max-image-preview:large, max-video-preview:-1\" \/>\n<link rel=\"canonical\" href=\"https:\/\/www.maquinademercadotecnia.com\/dev\/instyc\/producto\/1sfa611130r1106\/\" \/>\n<meta property=\"og:locale\" content=\"es_ES\" \/>\n<meta property=\"og:type\" content=\"article\" \/>\n<meta property=\"og:title\" content=\"Productos Instyc ABB &#8212; 1SFA611130R1106\" \/>\n<meta property=\"og:description\" content=\"MPD1-11B Doble bot\u00f3n pulsador no iluminado\" \/>\n<meta property=\"og:url\" content=\"https:\/\/www.maquinademercadotecnia.com\/dev\/instyc\/producto\/1sfa611130r1106\/\" \/>\n<meta property=\"og:site_name\" content=\"Ferruzca Instyc\" \/>\n<meta property=\"article:publisher\" content=\"https:\/\/www.facebook.com\/InstycOficial\" \/>\n<meta property=\"og:image\" content=\"https:\/\/www.maquinademercadotecnia.com\/dev\/instyc\/wp-content\/uploads\/2024\/03\/1SFA611130R1106-Resized@3x.jpg\" \/>\n\t<meta property=\"og:image:width\" content=\"900\" \/>\n\t<meta property=\"og:image:height\" content=\"900\" \/>\n\t<meta property=\"og:image:type\" content=\"image\/jpeg\" \/>\n<meta name=\"twitter:card\" content=\"summary_large_image\" \/>\n<meta name=\"twitter:label1\" content=\"Tiempo de lectura\" \/>\n\t<meta name=\"twitter:data1\" content=\"1 minuto\" \/>\n<script type=\"application\/ld+json\" class=\"yoast-schema-graph\">{\"@context\":\"https:\\\/\\\/schema.org\",\"@graph\":[{\"@type\":\"WebPage\",\"@id\":\"https:\\\/\\\/www.maquinademercadotecnia.com\\\/dev\\\/instyc\\\/producto\\\/1sfa611130r1106\\\/\",\"url\":\"https:\\\/\\\/www.maquinademercadotecnia.com\\\/dev\\\/instyc\\\/producto\\\/1sfa611130r1106\\\/\",\"name\":\"Productos Instyc ABB &#8212; 1SFA611130R1106\",\"isPartOf\":{\"@id\":\"https:\\\/\\\/www.maquinademercadotecnia.com\\\/dev\\\/instyc\\\/#website\"},\"primaryImageOfPage\":{\"@id\":\"https:\\\/\\\/www.maquinademercadotecnia.com\\\/dev\\\/instyc\\\/producto\\\/1sfa611130r1106\\\/#primaryimage\"},\"image\":{\"@id\":\"https:\\\/\\\/www.maquinademercadotecnia.com\\\/dev\\\/instyc\\\/producto\\\/1sfa611130r1106\\\/#primaryimage\"},\"thumbnailUrl\":\"https:\\\/\\\/www.maquinademercadotecnia.com\\\/dev\\\/instyc\\\/wp-content\\\/uploads\\\/2024\\\/03\\\/1SFA611130R1106-Resized@3x.jpg\",\"datePublished\":\"2024-03-15T23:20:35+00:00\",\"description\":\"MPD1-11B Doble bot\u00f3n pulsador no iluminado\",\"breadcrumb\":{\"@id\":\"https:\\\/\\\/www.maquinademercadotecnia.com\\\/dev\\\/instyc\\\/producto\\\/1sfa611130r1106\\\/#breadcrumb\"},\"inLanguage\":\"es\",\"potentialAction\":[{\"@type\":\"ReadAction\",\"target\":[\"https:\\\/\\\/www.maquinademercadotecnia.com\\\/dev\\\/instyc\\\/producto\\\/1sfa611130r1106\\\/\"]}]},{\"@type\":\"ImageObject\",\"inLanguage\":\"es\",\"@id\":\"https:\\\/\\\/www.maquinademercadotecnia.com\\\/dev\\\/instyc\\\/producto\\\/1sfa611130r1106\\\/#primaryimage\",\"url\":\"https:\\\/\\\/www.maquinademercadotecnia.com\\\/dev\\\/instyc\\\/wp-content\\\/uploads\\\/2024\\\/03\\\/1SFA611130R1106-Resized@3x.jpg\",\"contentUrl\":\"https:\\\/\\\/www.maquinademercadotecnia.com\\\/dev\\\/instyc\\\/wp-content\\\/uploads\\\/2024\\\/03\\\/1SFA611130R1106-Resized@3x.jpg\",\"width\":900,\"height\":900},{\"@type\":\"BreadcrumbList\",\"@id\":\"https:\\\/\\\/www.maquinademercadotecnia.com\\\/dev\\\/instyc\\\/producto\\\/1sfa611130r1106\\\/#breadcrumb\",\"itemListElement\":[{\"@type\":\"ListItem\",\"position\":1,\"name\":\"Portada\",\"item\":\"https:\\\/\\\/www.maquinademercadotecnia.com\\\/dev\\\/instyc\\\/\"},{\"@type\":\"ListItem\",\"position\":2,\"name\":\"Catalogo\",\"item\":\"https:\\\/\\\/www.maquinademercadotecnia.com\\\/dev\\\/instyc\\\/catalogo\\\/\"},{\"@type\":\"ListItem\",\"position\":3,\"name\":\"1SFA611130R1106\"}]},{\"@type\":\"WebSite\",\"@id\":\"https:\\\/\\\/www.maquinademercadotecnia.com\\\/dev\\\/instyc\\\/#website\",\"url\":\"https:\\\/\\\/www.maquinademercadotecnia.com\\\/dev\\\/instyc\\\/\",\"name\":\"ferruzcainstyc.com\",\"description\":\"Instrumentaci&oacute;n y control industrial\",\"publisher\":{\"@id\":\"https:\\\/\\\/www.maquinademercadotecnia.com\\\/dev\\\/instyc\\\/#organization\"},\"alternateName\":\"Ferruzca Instyc\",\"potentialAction\":[{\"@type\":\"SearchAction\",\"target\":{\"@type\":\"EntryPoint\",\"urlTemplate\":\"https:\\\/\\\/www.maquinademercadotecnia.com\\\/dev\\\/instyc\\\/?s={search_term_string}\"},\"query-input\":{\"@type\":\"PropertyValueSpecification\",\"valueRequired\":true,\"valueName\":\"search_term_string\"}}],\"inLanguage\":\"es\"},{\"@type\":\"Organization\",\"@id\":\"https:\\\/\\\/www.maquinademercadotecnia.com\\\/dev\\\/instyc\\\/#organization\",\"name\":\"Ferruzca Instyc\",\"alternateName\":\"Instyc\",\"url\":\"https:\\\/\\\/www.maquinademercadotecnia.com\\\/dev\\\/instyc\\\/\",\"logo\":{\"@type\":\"ImageObject\",\"inLanguage\":\"es\",\"@id\":\"https:\\\/\\\/www.maquinademercadotecnia.com\\\/dev\\\/instyc\\\/#\\\/schema\\\/logo\\\/image\\\/\",\"url\":\"https:\\\/\\\/www.maquinademercadotecnia.com\\\/dev\\\/instyc\\\/wp-content\\\/uploads\\\/2023\\\/11\\\/Logo-color-instyc-.png\",\"contentUrl\":\"https:\\\/\\\/www.maquinademercadotecnia.com\\\/dev\\\/instyc\\\/wp-content\\\/uploads\\\/2023\\\/11\\\/Logo-color-instyc-.png\",\"width\":3574,\"height\":1905,\"caption\":\"Ferruzca Instyc\"},\"image\":{\"@id\":\"https:\\\/\\\/www.maquinademercadotecnia.com\\\/dev\\\/instyc\\\/#\\\/schema\\\/logo\\\/image\\\/\"},\"sameAs\":[\"https:\\\/\\\/www.facebook.com\\\/InstycOficial\",\"https:\\\/\\\/www.instagram.com\\\/ferruzcainstyc\\\/\",\"https:\\\/\\\/www.linkedin.com\\\/company\\\/ferruzcainstyc\\\/\"]}]}<\/script>\n<!-- \/ Yoast SEO plugin. -->","yoast_head_json":{"title":"Productos Instyc ABB &#8212; 1SFA611130R1106","description":"MPD1-11B Doble bot\u00f3n pulsador no iluminado","robots":{"index":"index","follow":"follow","max-snippet":"max-snippet:-1","max-image-preview":"max-image-preview:large","max-video-preview":"max-video-preview:-1"},"canonical":"https:\/\/www.maquinademercadotecnia.com\/dev\/instyc\/producto\/1sfa611130r1106\/","og_locale":"es_ES","og_type":"article","og_title":"Productos Instyc ABB &#8212; 1SFA611130R1106","og_description":"MPD1-11B Doble bot\u00f3n pulsador no iluminado","og_url":"https:\/\/www.maquinademercadotecnia.com\/dev\/instyc\/producto\/1sfa611130r1106\/","og_site_name":"Ferruzca Instyc","article_publisher":"https:\/\/www.facebook.com\/InstycOficial","og_image":[{"width":900,"height":900,"url":"https:\/\/www.maquinademercadotecnia.com\/dev\/instyc\/wp-content\/uploads\/2024\/03\/1SFA611130R1106-Resized@3x.jpg","type":"image\/jpeg"}],"twitter_card":"summary_large_image","twitter_misc":{"Tiempo de lectura":"1 minuto"},"schema":{"@context":"https:\/\/schema.org","@graph":[{"@type":"WebPage","@id":"https:\/\/www.maquinademercadotecnia.com\/dev\/instyc\/producto\/1sfa611130r1106\/","url":"https:\/\/www.maquinademercadotecnia.com\/dev\/instyc\/producto\/1sfa611130r1106\/","name":"Productos Instyc ABB &#8212; 1SFA611130R1106","isPartOf":{"@id":"https:\/\/www.maquinademercadotecnia.com\/dev\/instyc\/#website"},"primaryImageOfPage":{"@id":"https:\/\/www.maquinademercadotecnia.com\/dev\/instyc\/producto\/1sfa611130r1106\/#primaryimage"},"image":{"@id":"https:\/\/www.maquinademercadotecnia.com\/dev\/instyc\/producto\/1sfa611130r1106\/#primaryimage"},"thumbnailUrl":"https:\/\/www.maquinademercadotecnia.com\/dev\/instyc\/wp-content\/uploads\/2024\/03\/1SFA611130R1106-Resized@3x.jpg","datePublished":"2024-03-15T23:20:35+00:00","description":"MPD1-11B Doble bot\u00f3n pulsador no iluminado","breadcrumb":{"@id":"https:\/\/www.maquinademercadotecnia.com\/dev\/instyc\/producto\/1sfa611130r1106\/#breadcrumb"},"inLanguage":"es","potentialAction":[{"@type":"ReadAction","target":["https:\/\/www.maquinademercadotecnia.com\/dev\/instyc\/producto\/1sfa611130r1106\/"]}]},{"@type":"ImageObject","inLanguage":"es","@id":"https:\/\/www.maquinademercadotecnia.com\/dev\/instyc\/producto\/1sfa611130r1106\/#primaryimage","url":"https:\/\/www.maquinademercadotecnia.com\/dev\/instyc\/wp-content\/uploads\/2024\/03\/1SFA611130R1106-Resized@3x.jpg","contentUrl":"https:\/\/www.maquinademercadotecnia.com\/dev\/instyc\/wp-content\/uploads\/2024\/03\/1SFA611130R1106-Resized@3x.jpg","width":900,"height":900},{"@type":"BreadcrumbList","@id":"https:\/\/www.maquinademercadotecnia.com\/dev\/instyc\/producto\/1sfa611130r1106\/#breadcrumb","itemListElement":[{"@type":"ListItem","position":1,"name":"Portada","item":"https:\/\/www.maquinademercadotecnia.com\/dev\/instyc\/"},{"@type":"ListItem","position":2,"name":"Catalogo","item":"https:\/\/www.maquinademercadotecnia.com\/dev\/instyc\/catalogo\/"},{"@type":"ListItem","position":3,"name":"1SFA611130R1106"}]},{"@type":"WebSite","@id":"https:\/\/www.maquinademercadotecnia.com\/dev\/instyc\/#website","url":"https:\/\/www.maquinademercadotecnia.com\/dev\/instyc\/","name":"ferruzcainstyc.com","description":"Instrumentaci&oacute;n y control industrial","publisher":{"@id":"https:\/\/www.maquinademercadotecnia.com\/dev\/instyc\/#organization"},"alternateName":"Ferruzca Instyc","potentialAction":[{"@type":"SearchAction","target":{"@type":"EntryPoint","urlTemplate":"https:\/\/www.maquinademercadotecnia.com\/dev\/instyc\/?s={search_term_string}"},"query-input":{"@type":"PropertyValueSpecification","valueRequired":true,"valueName":"search_term_string"}}],"inLanguage":"es"},{"@type":"Organization","@id":"https:\/\/www.maquinademercadotecnia.com\/dev\/instyc\/#organization","name":"Ferruzca Instyc","alternateName":"Instyc","url":"https:\/\/www.maquinademercadotecnia.com\/dev\/instyc\/","logo":{"@type":"ImageObject","inLanguage":"es","@id":"https:\/\/www.maquinademercadotecnia.com\/dev\/instyc\/#\/schema\/logo\/image\/","url":"https:\/\/www.maquinademercadotecnia.com\/dev\/instyc\/wp-content\/uploads\/2023\/11\/Logo-color-instyc-.png","contentUrl":"https:\/\/www.maquinademercadotecnia.com\/dev\/instyc\/wp-content\/uploads\/2023\/11\/Logo-color-instyc-.png","width":3574,"height":1905,"caption":"Ferruzca Instyc"},"image":{"@id":"https:\/\/www.maquinademercadotecnia.com\/dev\/instyc\/#\/schema\/logo\/image\/"},"sameAs":["https:\/\/www.facebook.com\/InstycOficial","https:\/\/www.instagram.com\/ferruzcainstyc\/","https:\/\/www.linkedin.com\/company\/ferruzcainstyc\/"]}]}},"_links":{"self":[{"href":"https:\/\/www.maquinademercadotecnia.com\/dev\/instyc\/wp-json\/wp\/v2\/product\/4184","targetHints":{"allow":["GET"]}}],"collection":[{"href":"https:\/\/www.maquinademercadotecnia.com\/dev\/instyc\/wp-json\/wp\/v2\/product"}],"about":[{"href":"https:\/\/www.maquinademercadotecnia.com\/dev\/instyc\/wp-json\/wp\/v2\/types\/product"}],"replies":[{"embeddable":true,"href":"https:\/\/www.maquinademercadotecnia.com\/dev\/instyc\/wp-json\/wp\/v2\/comments?post=4184"}],"version-history":[{"count":0,"href":"https:\/\/www.maquinademercadotecnia.com\/dev\/instyc\/wp-json\/wp\/v2\/product\/4184\/revisions"}],"wp:featuredmedia":[{"embeddable":true,"href":"https:\/\/www.maquinademercadotecnia.com\/dev\/instyc\/wp-json\/wp\/v2\/media\/4185"}],"wp:attachment":[{"href":"https:\/\/www.maquinademercadotecnia.com\/dev\/instyc\/wp-json\/wp\/v2\/media?parent=4184"}],"wp:term":[{"taxonomy":"product_brand","embeddable":true,"href":"https:\/\/www.maquinademercadotecnia.com\/dev\/instyc\/wp-json\/wp\/v2\/product_brand?post=4184"},{"taxonomy":"product_cat","embeddable":true,"href":"https:\/\/www.maquinademercadotecnia.com\/dev\/instyc\/wp-json\/wp\/v2\/product_cat?post=4184"},{"taxonomy":"product_tag","embeddable":true,"href":"https:\/\/www.maquinademercadotecnia.com\/dev\/instyc\/wp-json\/wp\/v2\/product_tag?post=4184"}],"curies":[{"name":"wp","href":"https:\/\/api.w.org\/{rel}","templated":true}]}}