{"id":4225,"date":"2024-03-19T14:33:19","date_gmt":"2024-03-19T20:33:19","guid":{"rendered":"https:\/\/www.maquinademercadotecnia.com\/dev\/instyc\/?post_type=product&#038;p=4225"},"modified":"2024-03-19T14:49:14","modified_gmt":"2024-03-19T20:49:14","slug":"1sfa611610r2001","status":"publish","type":"product","link":"https:\/\/www.maquinademercadotecnia.com\/dev\/instyc\/producto\/1sfa611610r2001\/","title":{"rendered":"1SFA611610R2001"},"content":{"rendered":"<p>El bloque de contactos MCB-10B es: &#8211; No iluminado &#8211; Bloque de contactos \u00fanico &#8211; Montaje trasero &#8211; plateado (Ag) &#8211; 1 NO &#8211; 0NC &#8211; 690 V Este bloque de contactos forma parte de la gama de pl\u00e1stico modular de ABB, la gama m\u00e1s vers\u00e1til con un alto nivel de flexibilidad y clasificaciones el\u00e9ctricas l\u00edderes en el mercado. Dise\u00f1ado para una confiabilidad total, una vida \u00fatil m\u00e1s larga y la mayor durabilidad mec\u00e1nica. Los contactos autolimpiantes garantizan un funcionamiento confiable sin necesidad de mantenimiento, lo que aumenta el tiempo de actividad. Un alto grado de protecci\u00f3n garantiza la fiabilidad en entornos extremos. El dise\u00f1o innovador simplifica todo el proceso, desde la selecci\u00f3n hasta la instalaci\u00f3n f\u00e1cil, r\u00e1pida y sin herramientas. La soluci\u00f3n perfecta para cada aplicaci\u00f3n.<\/p>\n","protected":false},"excerpt":{"rendered":"<p>MCB-10B Bloque contactor abierto para botonera<\/p>\n","protected":false},"featured_media":4227,"comment_status":"open","ping_status":"closed","template":"","meta":{"_acf_changed":false,"_joinchat":[]},"product_brand":[],"product_cat":[307],"product_tag":[],"class_list":{"0":"post-4225","1":"product","2":"type-product","3":"status-publish","4":"has-post-thumbnail","6":"product_cat-botoneria-y-senalizacion","8":"first","9":"instock","10":"shipping-taxable","11":"product-type-simple"},"acf":[],"yoast_head":"<!-- This site is optimized with the Yoast SEO plugin v27.4 - https:\/\/yoast.com\/product\/yoast-seo-wordpress\/ -->\n<title>Productos Instyc ABB &#8212; 1SFA611610R2001<\/title>\n<meta name=\"description\" content=\"MCB-10B Bloque contactor abierto para botonera\" \/>\n<meta name=\"robots\" content=\"index, follow, max-snippet:-1, max-image-preview:large, max-video-preview:-1\" \/>\n<link rel=\"canonical\" href=\"https:\/\/www.maquinademercadotecnia.com\/dev\/instyc\/producto\/1sfa611610r2001\/\" \/>\n<meta property=\"og:locale\" content=\"es_ES\" \/>\n<meta property=\"og:type\" content=\"article\" \/>\n<meta property=\"og:title\" content=\"Productos Instyc ABB &#8212; 1SFA611610R2001\" \/>\n<meta property=\"og:description\" content=\"MCB-10B Bloque contactor abierto para botonera\" \/>\n<meta property=\"og:url\" content=\"https:\/\/www.maquinademercadotecnia.com\/dev\/instyc\/producto\/1sfa611610r2001\/\" \/>\n<meta property=\"og:site_name\" content=\"Ferruzca Instyc\" \/>\n<meta property=\"article:publisher\" content=\"https:\/\/www.facebook.com\/InstycOficial\" \/>\n<meta property=\"article:modified_time\" content=\"2024-03-19T20:49:14+00:00\" \/>\n<meta property=\"og:image\" content=\"https:\/\/www.maquinademercadotecnia.com\/dev\/instyc\/wp-content\/uploads\/2024\/03\/1SFA611610R2001-Resized@3x.jpg\" \/>\n\t<meta property=\"og:image:width\" content=\"900\" \/>\n\t<meta property=\"og:image:height\" content=\"900\" \/>\n\t<meta property=\"og:image:type\" content=\"image\/jpeg\" \/>\n<meta name=\"twitter:card\" content=\"summary_large_image\" \/>\n<meta name=\"twitter:label1\" content=\"Tiempo de lectura\" \/>\n\t<meta name=\"twitter:data1\" content=\"1 minuto\" \/>\n<script type=\"application\/ld+json\" class=\"yoast-schema-graph\">{\"@context\":\"https:\\\/\\\/schema.org\",\"@graph\":[{\"@type\":\"WebPage\",\"@id\":\"https:\\\/\\\/www.maquinademercadotecnia.com\\\/dev\\\/instyc\\\/producto\\\/1sfa611610r2001\\\/\",\"url\":\"https:\\\/\\\/www.maquinademercadotecnia.com\\\/dev\\\/instyc\\\/producto\\\/1sfa611610r2001\\\/\",\"name\":\"Productos Instyc ABB &#8212; 1SFA611610R2001\",\"isPartOf\":{\"@id\":\"https:\\\/\\\/www.maquinademercadotecnia.com\\\/dev\\\/instyc\\\/#website\"},\"primaryImageOfPage\":{\"@id\":\"https:\\\/\\\/www.maquinademercadotecnia.com\\\/dev\\\/instyc\\\/producto\\\/1sfa611610r2001\\\/#primaryimage\"},\"image\":{\"@id\":\"https:\\\/\\\/www.maquinademercadotecnia.com\\\/dev\\\/instyc\\\/producto\\\/1sfa611610r2001\\\/#primaryimage\"},\"thumbnailUrl\":\"https:\\\/\\\/www.maquinademercadotecnia.com\\\/dev\\\/instyc\\\/wp-content\\\/uploads\\\/2024\\\/03\\\/1SFA611610R2001-Resized@3x.jpg\",\"datePublished\":\"2024-03-19T20:33:19+00:00\",\"dateModified\":\"2024-03-19T20:49:14+00:00\",\"description\":\"MCB-10B Bloque contactor abierto para botonera\",\"breadcrumb\":{\"@id\":\"https:\\\/\\\/www.maquinademercadotecnia.com\\\/dev\\\/instyc\\\/producto\\\/1sfa611610r2001\\\/#breadcrumb\"},\"inLanguage\":\"es\",\"potentialAction\":[{\"@type\":\"ReadAction\",\"target\":[\"https:\\\/\\\/www.maquinademercadotecnia.com\\\/dev\\\/instyc\\\/producto\\\/1sfa611610r2001\\\/\"]}]},{\"@type\":\"ImageObject\",\"inLanguage\":\"es\",\"@id\":\"https:\\\/\\\/www.maquinademercadotecnia.com\\\/dev\\\/instyc\\\/producto\\\/1sfa611610r2001\\\/#primaryimage\",\"url\":\"https:\\\/\\\/www.maquinademercadotecnia.com\\\/dev\\\/instyc\\\/wp-content\\\/uploads\\\/2024\\\/03\\\/1SFA611610R2001-Resized@3x.jpg\",\"contentUrl\":\"https:\\\/\\\/www.maquinademercadotecnia.com\\\/dev\\\/instyc\\\/wp-content\\\/uploads\\\/2024\\\/03\\\/1SFA611610R2001-Resized@3x.jpg\",\"width\":900,\"height\":900},{\"@type\":\"BreadcrumbList\",\"@id\":\"https:\\\/\\\/www.maquinademercadotecnia.com\\\/dev\\\/instyc\\\/producto\\\/1sfa611610r2001\\\/#breadcrumb\",\"itemListElement\":[{\"@type\":\"ListItem\",\"position\":1,\"name\":\"Portada\",\"item\":\"https:\\\/\\\/www.maquinademercadotecnia.com\\\/dev\\\/instyc\\\/\"},{\"@type\":\"ListItem\",\"position\":2,\"name\":\"Catalogo\",\"item\":\"https:\\\/\\\/www.maquinademercadotecnia.com\\\/dev\\\/instyc\\\/catalogo\\\/\"},{\"@type\":\"ListItem\",\"position\":3,\"name\":\"1SFA611610R2001\"}]},{\"@type\":\"WebSite\",\"@id\":\"https:\\\/\\\/www.maquinademercadotecnia.com\\\/dev\\\/instyc\\\/#website\",\"url\":\"https:\\\/\\\/www.maquinademercadotecnia.com\\\/dev\\\/instyc\\\/\",\"name\":\"ferruzcainstyc.com\",\"description\":\"Instrumentaci&oacute;n y control industrial\",\"publisher\":{\"@id\":\"https:\\\/\\\/www.maquinademercadotecnia.com\\\/dev\\\/instyc\\\/#organization\"},\"alternateName\":\"Ferruzca Instyc\",\"potentialAction\":[{\"@type\":\"SearchAction\",\"target\":{\"@type\":\"EntryPoint\",\"urlTemplate\":\"https:\\\/\\\/www.maquinademercadotecnia.com\\\/dev\\\/instyc\\\/?s={search_term_string}\"},\"query-input\":{\"@type\":\"PropertyValueSpecification\",\"valueRequired\":true,\"valueName\":\"search_term_string\"}}],\"inLanguage\":\"es\"},{\"@type\":\"Organization\",\"@id\":\"https:\\\/\\\/www.maquinademercadotecnia.com\\\/dev\\\/instyc\\\/#organization\",\"name\":\"Ferruzca Instyc\",\"alternateName\":\"Instyc\",\"url\":\"https:\\\/\\\/www.maquinademercadotecnia.com\\\/dev\\\/instyc\\\/\",\"logo\":{\"@type\":\"ImageObject\",\"inLanguage\":\"es\",\"@id\":\"https:\\\/\\\/www.maquinademercadotecnia.com\\\/dev\\\/instyc\\\/#\\\/schema\\\/logo\\\/image\\\/\",\"url\":\"https:\\\/\\\/www.maquinademercadotecnia.com\\\/dev\\\/instyc\\\/wp-content\\\/uploads\\\/2023\\\/11\\\/Logo-color-instyc-.png\",\"contentUrl\":\"https:\\\/\\\/www.maquinademercadotecnia.com\\\/dev\\\/instyc\\\/wp-content\\\/uploads\\\/2023\\\/11\\\/Logo-color-instyc-.png\",\"width\":3574,\"height\":1905,\"caption\":\"Ferruzca Instyc\"},\"image\":{\"@id\":\"https:\\\/\\\/www.maquinademercadotecnia.com\\\/dev\\\/instyc\\\/#\\\/schema\\\/logo\\\/image\\\/\"},\"sameAs\":[\"https:\\\/\\\/www.facebook.com\\\/InstycOficial\",\"https:\\\/\\\/www.instagram.com\\\/ferruzcainstyc\\\/\",\"https:\\\/\\\/www.linkedin.com\\\/company\\\/ferruzcainstyc\\\/\"]}]}<\/script>\n<!-- \/ Yoast SEO plugin. -->","yoast_head_json":{"title":"Productos Instyc ABB &#8212; 1SFA611610R2001","description":"MCB-10B Bloque contactor abierto para botonera","robots":{"index":"index","follow":"follow","max-snippet":"max-snippet:-1","max-image-preview":"max-image-preview:large","max-video-preview":"max-video-preview:-1"},"canonical":"https:\/\/www.maquinademercadotecnia.com\/dev\/instyc\/producto\/1sfa611610r2001\/","og_locale":"es_ES","og_type":"article","og_title":"Productos Instyc ABB &#8212; 1SFA611610R2001","og_description":"MCB-10B Bloque contactor abierto para botonera","og_url":"https:\/\/www.maquinademercadotecnia.com\/dev\/instyc\/producto\/1sfa611610r2001\/","og_site_name":"Ferruzca Instyc","article_publisher":"https:\/\/www.facebook.com\/InstycOficial","article_modified_time":"2024-03-19T20:49:14+00:00","og_image":[{"width":900,"height":900,"url":"https:\/\/www.maquinademercadotecnia.com\/dev\/instyc\/wp-content\/uploads\/2024\/03\/1SFA611610R2001-Resized@3x.jpg","type":"image\/jpeg"}],"twitter_card":"summary_large_image","twitter_misc":{"Tiempo de lectura":"1 minuto"},"schema":{"@context":"https:\/\/schema.org","@graph":[{"@type":"WebPage","@id":"https:\/\/www.maquinademercadotecnia.com\/dev\/instyc\/producto\/1sfa611610r2001\/","url":"https:\/\/www.maquinademercadotecnia.com\/dev\/instyc\/producto\/1sfa611610r2001\/","name":"Productos Instyc ABB &#8212; 1SFA611610R2001","isPartOf":{"@id":"https:\/\/www.maquinademercadotecnia.com\/dev\/instyc\/#website"},"primaryImageOfPage":{"@id":"https:\/\/www.maquinademercadotecnia.com\/dev\/instyc\/producto\/1sfa611610r2001\/#primaryimage"},"image":{"@id":"https:\/\/www.maquinademercadotecnia.com\/dev\/instyc\/producto\/1sfa611610r2001\/#primaryimage"},"thumbnailUrl":"https:\/\/www.maquinademercadotecnia.com\/dev\/instyc\/wp-content\/uploads\/2024\/03\/1SFA611610R2001-Resized@3x.jpg","datePublished":"2024-03-19T20:33:19+00:00","dateModified":"2024-03-19T20:49:14+00:00","description":"MCB-10B Bloque contactor abierto para botonera","breadcrumb":{"@id":"https:\/\/www.maquinademercadotecnia.com\/dev\/instyc\/producto\/1sfa611610r2001\/#breadcrumb"},"inLanguage":"es","potentialAction":[{"@type":"ReadAction","target":["https:\/\/www.maquinademercadotecnia.com\/dev\/instyc\/producto\/1sfa611610r2001\/"]}]},{"@type":"ImageObject","inLanguage":"es","@id":"https:\/\/www.maquinademercadotecnia.com\/dev\/instyc\/producto\/1sfa611610r2001\/#primaryimage","url":"https:\/\/www.maquinademercadotecnia.com\/dev\/instyc\/wp-content\/uploads\/2024\/03\/1SFA611610R2001-Resized@3x.jpg","contentUrl":"https:\/\/www.maquinademercadotecnia.com\/dev\/instyc\/wp-content\/uploads\/2024\/03\/1SFA611610R2001-Resized@3x.jpg","width":900,"height":900},{"@type":"BreadcrumbList","@id":"https:\/\/www.maquinademercadotecnia.com\/dev\/instyc\/producto\/1sfa611610r2001\/#breadcrumb","itemListElement":[{"@type":"ListItem","position":1,"name":"Portada","item":"https:\/\/www.maquinademercadotecnia.com\/dev\/instyc\/"},{"@type":"ListItem","position":2,"name":"Catalogo","item":"https:\/\/www.maquinademercadotecnia.com\/dev\/instyc\/catalogo\/"},{"@type":"ListItem","position":3,"name":"1SFA611610R2001"}]},{"@type":"WebSite","@id":"https:\/\/www.maquinademercadotecnia.com\/dev\/instyc\/#website","url":"https:\/\/www.maquinademercadotecnia.com\/dev\/instyc\/","name":"ferruzcainstyc.com","description":"Instrumentaci&oacute;n y control industrial","publisher":{"@id":"https:\/\/www.maquinademercadotecnia.com\/dev\/instyc\/#organization"},"alternateName":"Ferruzca Instyc","potentialAction":[{"@type":"SearchAction","target":{"@type":"EntryPoint","urlTemplate":"https:\/\/www.maquinademercadotecnia.com\/dev\/instyc\/?s={search_term_string}"},"query-input":{"@type":"PropertyValueSpecification","valueRequired":true,"valueName":"search_term_string"}}],"inLanguage":"es"},{"@type":"Organization","@id":"https:\/\/www.maquinademercadotecnia.com\/dev\/instyc\/#organization","name":"Ferruzca Instyc","alternateName":"Instyc","url":"https:\/\/www.maquinademercadotecnia.com\/dev\/instyc\/","logo":{"@type":"ImageObject","inLanguage":"es","@id":"https:\/\/www.maquinademercadotecnia.com\/dev\/instyc\/#\/schema\/logo\/image\/","url":"https:\/\/www.maquinademercadotecnia.com\/dev\/instyc\/wp-content\/uploads\/2023\/11\/Logo-color-instyc-.png","contentUrl":"https:\/\/www.maquinademercadotecnia.com\/dev\/instyc\/wp-content\/uploads\/2023\/11\/Logo-color-instyc-.png","width":3574,"height":1905,"caption":"Ferruzca Instyc"},"image":{"@id":"https:\/\/www.maquinademercadotecnia.com\/dev\/instyc\/#\/schema\/logo\/image\/"},"sameAs":["https:\/\/www.facebook.com\/InstycOficial","https:\/\/www.instagram.com\/ferruzcainstyc\/","https:\/\/www.linkedin.com\/company\/ferruzcainstyc\/"]}]}},"_links":{"self":[{"href":"https:\/\/www.maquinademercadotecnia.com\/dev\/instyc\/wp-json\/wp\/v2\/product\/4225","targetHints":{"allow":["GET"]}}],"collection":[{"href":"https:\/\/www.maquinademercadotecnia.com\/dev\/instyc\/wp-json\/wp\/v2\/product"}],"about":[{"href":"https:\/\/www.maquinademercadotecnia.com\/dev\/instyc\/wp-json\/wp\/v2\/types\/product"}],"replies":[{"embeddable":true,"href":"https:\/\/www.maquinademercadotecnia.com\/dev\/instyc\/wp-json\/wp\/v2\/comments?post=4225"}],"version-history":[{"count":0,"href":"https:\/\/www.maquinademercadotecnia.com\/dev\/instyc\/wp-json\/wp\/v2\/product\/4225\/revisions"}],"wp:featuredmedia":[{"embeddable":true,"href":"https:\/\/www.maquinademercadotecnia.com\/dev\/instyc\/wp-json\/wp\/v2\/media\/4227"}],"wp:attachment":[{"href":"https:\/\/www.maquinademercadotecnia.com\/dev\/instyc\/wp-json\/wp\/v2\/media?parent=4225"}],"wp:term":[{"taxonomy":"product_brand","embeddable":true,"href":"https:\/\/www.maquinademercadotecnia.com\/dev\/instyc\/wp-json\/wp\/v2\/product_brand?post=4225"},{"taxonomy":"product_cat","embeddable":true,"href":"https:\/\/www.maquinademercadotecnia.com\/dev\/instyc\/wp-json\/wp\/v2\/product_cat?post=4225"},{"taxonomy":"product_tag","embeddable":true,"href":"https:\/\/www.maquinademercadotecnia.com\/dev\/instyc\/wp-json\/wp\/v2\/product_tag?post=4225"}],"curies":[{"name":"wp","href":"https:\/\/api.w.org\/{rel}","templated":true}]}}